{"id":12,"date":"2025-08-19T22:40:35","date_gmt":"2025-08-19T22:40:35","guid":{"rendered":"https:\/\/bomberos.tresesenta.lat\/?page_id=12"},"modified":"2025-08-21T21:18:20","modified_gmt":"2025-08-21T21:18:20","slug":"donativos","status":"publish","type":"page","link":"https:\/\/bomberos.tresesenta.lat\/","title":{"rendered":"Donativos"},"content":{"rendered":"\t\t<div data-elementor-type=\"wp-page\" data-elementor-id=\"12\" class=\"elementor elementor-12\" data-elementor-post-type=\"page\">\n\t\t\t\t<div class=\"elementor-element elementor-element-925cc8c e-flex e-con-boxed e-con e-parent\" data-id=\"925cc8c\" data-element_type=\"container\">\n\t\t\t\t\t<div class=\"e-con-inner\">\n\t\t<div class=\"elementor-element elementor-element-85ec39f e-con-full e-flex e-con e-child\" data-id=\"85ec39f\" data-element_type=\"container\" data-settings=\"{&quot;background_background&quot;:&quot;classic&quot;}\">\n\t\t\t\t<div class=\"elementor-element elementor-element-e3c3101 elementor-widget elementor-widget-heading\" data-id=\"e3c3101\" data-element_type=\"widget\" data-widget_type=\"heading.default\">\n\t\t\t\t\t<h2 class=\"elementor-heading-title elementor-size-default\">BOMBEROS DE NUEVO LE\u00d3N A.B.P.\n\n<\/h2>\t\t\t\t<\/div>\n\t\t\t\t<div class=\"elementor-element elementor-element-70740a5 elementor-absolute elementor-widget elementor-widget-shortcode\" data-id=\"70740a5\" data-element_type=\"widget\" data-settings=\"{&quot;_position&quot;:&quot;absolute&quot;}\" data-widget_type=\"shortcode.default\">\n\t\t\t\t\t\t\t<div class=\"elementor-shortcode\">        <div class=\"bomberos-meta-wrapper \">\r\n                        <div class=\"meta-fechas\">\r\n                <span class=\"fecha-inicio\">Del 01\/07\/2025<\/span>\r\n                <span class=\"fecha-separador\">al<\/span>\r\n                <span class=\"fecha-fin\">15\/12\/2025<\/span>\r\n            <\/div>\r\n                        \r\n            <div class=\"meta-stats\">\r\n                <div class=\"meta-stat\">\r\n                    <span class=\"stat-value\">$2,500,000<\/span>\r\n                    <span class=\"stat-label\">META<\/span>\r\n                <\/div>\r\n                \r\n                <div class=\"meta-stat\">\r\n                    <span class=\"stat-value\">$11<\/span>\r\n                    <span class=\"stat-label\">PROCURADO<\/span>\r\n                <\/div>\r\n                \r\n                <div class=\"meta-stat\">\r\n                    <span class=\"stat-value\">$2,499,989<\/span>\r\n                    <span class=\"stat-label\">FALTAN<\/span>\r\n                <\/div>\r\n            <\/div>\r\n            \r\n            <div class=\"meta-progress-container\">\r\n                <div class=\"meta-barra-fondo\">\r\n                    <div class=\"meta-barra-progreso\" style=\"width: 0.00044%\">\r\n                                                <span class=\"meta-porcentaje\">0.0%<\/span>\r\n                                            <\/div>\r\n                <\/div>\r\n            <\/div>\r\n        <\/div>\r\n        <\/div>\n\t\t\t\t\t\t<\/div>\n\t\t\t\t<\/div>\n\t\t<div class=\"elementor-element elementor-element-029d1ca e-con-full e-flex e-con e-child\" data-id=\"029d1ca\" data-element_type=\"container\">\n\t\t\t\t<div class=\"elementor-element elementor-element-e9b6ff0 elementor-widget elementor-widget-text-editor\" data-id=\"e9b6ff0\" data-element_type=\"widget\" data-widget_type=\"text-editor.default\">\n\t\t\t\t\t\t\t\t\t<p>Somos un Asociaci\u00f3n de Beneficencia Privada que salva vidas, protege patrimonios y cuida el medioambiente desde 1908.<\/p><p>Con tu donativo, ser\u00e1 posible el equipamiento de 144 Bomberos y su capacitaci\u00f3n, cubrir gastos operativos de las 14 estaciones activas y otros proyectos como la renovaci\u00f3n de nuestras unidades de emergencia.<\/p><p>Detr\u00e1s de cada emergencia, hay h\u00e9roes como t\u00fa<\/p>\t\t\t\t\t\t\t\t<\/div>\n\t\t\t\t<div class=\"elementor-element elementor-element-ee54297 elementor-widget elementor-widget-shortcode\" data-id=\"ee54297\" data-element_type=\"widget\" data-widget_type=\"shortcode.default\">\n\t\t\t\t\t\t\t<div class=\"elementor-shortcode\">        <div class=\"bomberos-donacion-btn-wrapper mi-clase\">\r\n            <a href=\"https:\/\/www.moneypool.mx\/p\/6B9KWhE\" \r\n               target=\"_blank\" \r\n               class=\"bomberos-donacion-btn\">\r\n                <span class=\"btn-text\">\u00a1Dona Ahora!<\/span>\r\n            <\/a>\r\n        <\/div>\r\n        <\/div>\n\t\t\t\t\t\t<\/div>\n\t\t\t\t<div class=\"elementor-element elementor-element-4cd472d elementor-widget elementor-widget-text-editor\" data-id=\"4cd472d\" data-element_type=\"widget\" data-widget_type=\"text-editor.default\">\n\t\t\t\t\t\t\t\t\tcomunicacion@bomberosdenuevoleon.org\t\t\t\t\t\t\t\t<\/div>\n\t\t\t\t<\/div>\n\t\t\t\t\t<\/div>\n\t\t\t\t<\/div>\n\t\t\t\t<\/div>\n\t\t","protected":false},"excerpt":{"rendered":"<p>BOMBEROS DE NUEVO LE\u00d3N A.B.P. Somos un Asociaci\u00f3n de Beneficencia Privada que salva vidas, protege patrimonios y cuida el medioambiente desde 1908. Con tu donativo, ser\u00e1 posible el equipamiento de 144 Bomberos y su capacitaci\u00f3n, cubrir gastos operativos de las 14 estaciones activas y otros proyectos como la renovaci\u00f3n de nuestras unidades de emergencia. Detr\u00e1s [&hellip;]<\/p>\n","protected":false},"author":1,"featured_media":0,"parent":0,"menu_order":0,"comment_status":"closed","ping_status":"closed","template":"elementor_header_footer","meta":{"footnotes":""},"class_list":["post-12","page","type-page","status-publish","hentry"],"_links":{"self":[{"href":"https:\/\/bomberos.tresesenta.lat\/index.php?rest_route=\/wp\/v2\/pages\/12","targetHints":{"allow":["GET"]}}],"collection":[{"href":"https:\/\/bomberos.tresesenta.lat\/index.php?rest_route=\/wp\/v2\/pages"}],"about":[{"href":"https:\/\/bomberos.tresesenta.lat\/index.php?rest_route=\/wp\/v2\/types\/page"}],"author":[{"embeddable":true,"href":"https:\/\/bomberos.tresesenta.lat\/index.php?rest_route=\/wp\/v2\/users\/1"}],"replies":[{"embeddable":true,"href":"https:\/\/bomberos.tresesenta.lat\/index.php?rest_route=%2Fwp%2Fv2%2Fcomments&post=12"}],"version-history":[{"count":64,"href":"https:\/\/bomberos.tresesenta.lat\/index.php?rest_route=\/wp\/v2\/pages\/12\/revisions"}],"predecessor-version":[{"id":107,"href":"https:\/\/bomberos.tresesenta.lat\/index.php?rest_route=\/wp\/v2\/pages\/12\/revisions\/107"}],"wp:attachment":[{"href":"https:\/\/bomberos.tresesenta.lat\/index.php?rest_route=%2Fwp%2Fv2%2Fmedia&parent=12"}],"curies":[{"name":"wp","href":"https:\/\/api.w.org\/{rel}","templated":true}]}}